{"id":132,"date":"2025-10-17T10:42:04","date_gmt":"2025-10-17T08:42:04","guid":{"rendered":"https:\/\/echecs-fontenaylefleury.org\/?page_id=132"},"modified":"2025-10-17T16:04:41","modified_gmt":"2025-10-17T14:04:41","slug":"le-club","status":"publish","type":"page","link":"https:\/\/echecs-fontenaylefleury.org\/?page_id=132","title":{"rendered":"Le club"},"content":{"rendered":"\n<div class=\"wp-block-cover alignfull has-huge-font-size wp-duotone-unset-1\"><img loading=\"lazy\" decoding=\"async\" width=\"2560\" height=\"1752\" class=\"wp-block-cover__image-background wp-image-1180 size-full\" alt=\"\" src=\"https:\/\/echecs-fontenaylefleury.org\/wp-content\/uploads\/2025\/10\/pexels-pixabay-260024-scaled.jpg\" style=\"object-position:46% 46%\" data-object-fit=\"cover\" data-object-position=\"46% 46%\" srcset=\"https:\/\/echecs-fontenaylefleury.org\/wp-content\/uploads\/2025\/10\/pexels-pixabay-260024-scaled.jpg 2560w, https:\/\/echecs-fontenaylefleury.org\/wp-content\/uploads\/2025\/10\/pexels-pixabay-260024-300x205.jpg 300w, https:\/\/echecs-fontenaylefleury.org\/wp-content\/uploads\/2025\/10\/pexels-pixabay-260024-1024x701.jpg 1024w, https:\/\/echecs-fontenaylefleury.org\/wp-content\/uploads\/2025\/10\/pexels-pixabay-260024-768x526.jpg 768w, https:\/\/echecs-fontenaylefleury.org\/wp-content\/uploads\/2025\/10\/pexels-pixabay-260024-1536x1051.jpg 1536w, https:\/\/echecs-fontenaylefleury.org\/wp-content\/uploads\/2025\/10\/pexels-pixabay-260024-2048x1402.jpg 2048w\" sizes=\"auto, (max-width: 2560px) 100vw, 2560px\" \/><span aria-hidden=\"true\" class=\"wp-block-cover__background has-background-dim-40 has-background-dim\"><\/span><div class=\"wp-block-cover__inner-container has-global-padding is-layout-constrained wp-container-core-cover-is-layout-9b34fc6c wp-block-cover-is-layout-constrained\">\n<p class=\"has-text-align-center has-huge-font-size wp-block-paragraph\"><strong>LES FOUS FURIEUX<\/strong><\/p>\n<\/div><\/div>\n\n\n\n<p class=\"has-text-align-center has-normal-font-size wp-block-paragraph\">Le club d\u2019\u00e9checs de Fontenay le Fleury (Yvelines) a \u00e9t\u00e9 cr\u00e9\u00e9 en 1983. Ses activit\u00e9s r\u00e9guli\u00e8res se d\u00e9roulent \u00e0 la <strong>Maison des Associations, 5 rue Jean Jaur\u00e8s \u00e0 Fontenay le Fleury,&nbsp;<\/strong>&nbsp;\u00e0 une centaine de m\u00e8tres de l\u2019\u00e9glise, et \u00e0 quelques minutes de Saint-Cyr, Villepreux, Bois d\u2019Arcy, Rennemoulin, Noisy le Roi, Saint Nom la Bret\u00e8che, l\u2019\u00c9tang la Ville, Chavenay&#8230;<\/p>\n\n\n\n<div class=\"wp-block-media-text alignwide is-stacked-on-mobile is-vertically-aligned-center has-contrast-background-color has-background\" style=\"grid-template-columns:41% auto\"><figure class=\"wp-block-media-text__media\"><img loading=\"lazy\" decoding=\"async\" width=\"1024\" height=\"768\" src=\"https:\/\/echecs-fontenaylefleury.org\/wp-content\/uploads\/2023\/05\/echiquier_geant-1024x768.jpg\" alt=\"\" class=\"wp-image-61 size-full\" srcset=\"https:\/\/echecs-fontenaylefleury.org\/wp-content\/uploads\/2023\/05\/echiquier_geant-1024x768.jpg 1024w, https:\/\/echecs-fontenaylefleury.org\/wp-content\/uploads\/2023\/05\/echiquier_geant-300x225.jpg 300w, https:\/\/echecs-fontenaylefleury.org\/wp-content\/uploads\/2023\/05\/echiquier_geant-768x576.jpg 768w, https:\/\/echecs-fontenaylefleury.org\/wp-content\/uploads\/2023\/05\/echiquier_geant-1536x1152.jpg 1536w, https:\/\/echecs-fontenaylefleury.org\/wp-content\/uploads\/2023\/05\/echiquier_geant-2048x1536.jpg 2048w\" sizes=\"auto, (max-width: 1024px) 100vw, 1024px\" \/><\/figure><div class=\"wp-block-media-text__content\">\n<p class=\"has-text-align-center has-white-color has-text-color has-link-color wp-elements-78e42852ba794a63d3d043639dec01a9 wp-block-paragraph\" style=\"font-size:clamp(17.905px, 1.119rem + ((1vw - 3.2px) * 1.147), 28px);line-height:1.2\">Cours d\u2019initiation et de perfectionnement pour enfants, <br>adultes, comp\u00e9titions par \u00e9quipes et individuelles, parties libres, <br>animations et festivit\u00e9s&#8230; <strong>dans une ambiance conviviale et bienveillante<\/strong>.<\/p>\n\n\n\n<p class=\"wp-block-paragraph\"><\/p>\n<\/div><\/div>\n\n\n\n<p class=\"has-text-align-center has-normal-font-size wp-block-paragraph\">Alors, si le jeu d\u2019\u00e9checs vous int\u00e9resse, n\u2019h\u00e9sitez pas \u00e0 venir nous voir peu importe votre \u00e2ge, votre niveau ou la p\u00e9riode de l&rsquo;ann\u00e9e, nous vous accueillerons toujours avec enthousiasme \ud83d\ude42<\/p>\n\n\n\n<p class=\"has-text-align-center has-medium-font-size wp-block-paragraph\"><\/p>\n\n\n\n<figure class=\"wp-block-embed alignfull is-type-video is-provider-youtube wp-block-embed-youtube wp-embed-aspect-4-3 wp-has-aspect-ratio\" style=\"margin-top:0;margin-right:0;margin-bottom:0;margin-left:0\"><div class=\"wp-block-embed__wrapper\">\n<iframe loading=\"lazy\" title=\"Pr\u00e9sentation Club \u00c9checs Fous Furieux de Fontenay le Fleury\" width=\"500\" height=\"375\" src=\"https:\/\/www.youtube.com\/embed\/7SyL7rZXxSE?feature=oembed\" frameborder=\"0\" allow=\"accelerometer; autoplay; clipboard-write; encrypted-media; gyroscope; picture-in-picture; web-share\" referrerpolicy=\"strict-origin-when-cross-origin\" allowfullscreen><\/iframe>\n<\/div><\/figure>\n\n\n\n<hr class=\"wp-block-separator has-alpha-channel-opacity\"\/>\n\n\n\n<h5 class=\"wp-block-heading alignfull has-text-align-center has-background\" style=\"background-color:#d8cbc2;padding-top:var(--wp--preset--spacing--30);padding-bottom:var(--wp--preset--spacing--30)\">\u00c9cole des \u00e9checs pour les enfants (d\u00e8s 7 ans)<\/h5>\n\n\n\n<p class=\"wp-block-paragraph\">Le <strong>mardi<\/strong> en salle \u00ab La Demoiselle \u00bb : trois groupes de niveau croissant<\/p>\n\n\n\n<ul class=\"wp-block-list\">\n<li><strong>17 h 30 \u00e0 18 h 15 <\/strong>: cours d\u00e9butants<\/li>\n\n\n\n<li><strong>18 h 30 \u00e0 19 h 30 <\/strong>: cours perfectionnement<\/li>\n\n\n\n<li><strong>19 h 30 \u00e0 20 h 30<\/strong> : cours comp\u00e9tition<\/li>\n<\/ul>\n\n\n\n<p class=\"wp-block-paragraph\">Les cours sont dispens\u00e9s par un <strong>professeur dipl\u00f4m\u00e9<\/strong> (animateur DAFFE 1er degr\u00e9). Les enfants qui le souhaitent peuvent participer au tournoi de 20 min organis\u00e9 par le club en juin et faire des comp\u00e9titions (6 dimanches par an) \u00e0 partir du niveau perfectionnement.<\/p>\n\n\n\n<p class=\"wp-block-paragraph\"><em><strong>N.B. Les cours sont \u00e9galement ouverts aux adultes.<\/strong><\/em><\/p>\n\n\n\n<div style=\"height:13px\" aria-hidden=\"true\" class=\"wp-block-spacer\"><\/div>\n\n\n\n<h5 class=\"wp-block-heading alignfull has-text-align-center has-background\" style=\"background-color:#d8cbc2;padding-top:var(--wp--preset--spacing--30);padding-bottom:var(--wp--preset--spacing--30)\">Adultes<\/h5>\n\n\n\n<ul class=\"wp-block-list\">\n<li>Le <strong>vendredi<\/strong> en salle \u00ab&nbsp;La Demoiselle&nbsp;\u00bb <strong>\u00e0 partir de 21 h<\/strong> : cours, coaching, tournois de blitz et semi-rapides, parties libres.<\/li>\n\n\n\n<li>Le <strong>samedi<\/strong> en salle \u00ab&nbsp;Le Corbusier&nbsp;\u00bb <strong>de 14 h \u00e0 18 h <\/strong>: exercices-d\u00e9tente, parties libres.<\/li>\n<\/ul>\n\n\n\n<div style=\"height:11px\" aria-hidden=\"true\" class=\"wp-block-spacer\"><\/div>\n\n\n\n<h5 class=\"wp-block-heading alignfull has-text-align-center has-background\" style=\"border-top-left-radius:0px;border-top-right-radius:0px;border-bottom-left-radius:0px;border-bottom-right-radius:0px;background-color:#d8cbc2;padding-top:var(--wp--preset--spacing--30);padding-bottom:var(--wp--preset--spacing--30)\">Tarifs annuels<\/h5>\n\n\n\n<ul class=\"wp-block-list\">\n<li><strong>Licence B<\/strong> (adulte ou enfant) : <strong>75 \u20ac <\/strong>&#8211; formule loisir: donne acc\u00e8s aux activit\u00e9s internes du club et au cours pour d\u00e9butants.<\/li>\n\n\n\n<li><strong>Licence A<\/strong> (adulte ou enfant) : <strong>105 \u20ac<\/strong> &#8211; formule sport: activit\u00e9s club, cours de perfectionnement et comp\u00e9tition, acc\u00e8s aux comp\u00e9titions officielles.<\/li>\n<\/ul>\n\n\n\n<p class=\"wp-block-paragraph\"><strong>R\u00e9ductions : -5 \u20ac pour les Fontenaysiens, -10 \u20ac \u00e0 partir du 2<sup>e<\/sup> enfant inscrit au club.<\/strong><\/p>\n\n\n\n<div class=\"wp-block-cover alignfull has-parallax wp-duotone-grayscale\" style=\"min-height:100vh;aspect-ratio:unset;\"><div class=\"wp-block-cover__image-background wp-image-1187 size-full has-parallax\" style=\"background-position:50% 50%;background-image:url(https:\/\/echecs-fontenaylefleury.org\/wp-content\/uploads\/2025\/10\/1639070742-GettyImages-1157937604.jpg)\"><\/div><span aria-hidden=\"true\" class=\"wp-block-cover__background has-background-dim-40 has-background-dim\" style=\"background-color:#000000\"><\/span><div class=\"wp-block-cover__inner-container is-layout-flow wp-block-cover-is-layout-flow\">\n<h2 class=\"wp-block-heading alignwide has-white-color has-text-color\" style=\"font-size:clamp(27.894px, 1.743rem + ((1vw - 3.2px) * 2.285), 48px);line-height:1.2\">\u00ab&nbsp;<em>Le plus grand jeu de l\u2019esprit jamais invent\u00e9, plus vous l\u2019apprenez, plus vous y prenez du plaisir<\/em>.&nbsp;\u00bb <\/h2>\n\n\n\n<p class=\"has-medium-font-size wp-block-paragraph\"> <strong>Garry Kasparov<\/strong><\/p>\n\n\n\n<div class=\"wp-block-columns alignwide is-layout-flex wp-container-core-columns-is-layout-9baa9b4c wp-block-columns-is-layout-flex\">\n<div class=\"wp-block-column is-layout-flow wp-block-column-is-layout-flow\" style=\"flex-basis:60%\">\n<p class=\"has-text-color wp-block-paragraph\" style=\"color:#ffffff\"><\/p>\n<\/div>\n\n\n\n<div class=\"wp-block-column is-layout-flow wp-block-column-is-layout-flow\"><\/div>\n<\/div>\n<\/div><\/div>\n\n\n\n<h5 class=\"wp-block-heading alignfull has-text-align-center has-background\" style=\"border-top-left-radius:0px;border-top-right-radius:0px;border-bottom-left-radius:0px;border-bottom-right-radius:0px;background-color:#d8cbc2;padding-top:var(--wp--preset--spacing--30);padding-bottom:var(--wp--preset--spacing--30);text-transform:none\">Comp\u00e9titions &amp; \u00e9v\u00e9nements<\/h5>\n\n\n<div class=\"gb-grid-wrapper gb-grid-wrapper-747799ae\">\n<div class=\"gb-grid-column gb-grid-column-8d2f7f45\"><div class=\"gb-container gb-container-8d2f7f45\">\n\n<p class=\"wp-block-paragraph\">En comp\u00e9tition par \u00e9quipes, les&nbsp;Fous Furieux&nbsp;sont class\u00e9s en <strong>Nationale 4<\/strong>. Ils participent \u00e9galement aux <strong>crit\u00e9riums Pion, Cavalier et Fou<\/strong>.<\/p>\n\n\n\n<p class=\"wp-block-paragraph\">Concernant la comp\u00e9tition individuelle, le club organise chaque ann\u00e9e le Tournoi 1 h FIDE &lt;&nbsp;2200 ELO (fin f\u00e9vrier) et le Tournoi semi-rapide 20 minutes&nbsp;(au mois de juin).<br>Les tournois se d\u00e9roulent \u00e0 la salle Voltaire du th\u00e9\u00e2tre de Fontenay offrant d&rsquo;excellentes conditions de jeu (espace d\u2019analyse, bar, facilit\u00e9s de stationnement\u2026).<\/p>\n\n<\/div><\/div>\n\n<div class=\"gb-grid-column gb-grid-column-c649bda2\"><div class=\"gb-container gb-container-c649bda2\">\n\n<figure class=\"wp-block-image aligncenter size-large is-style-default\"><img loading=\"lazy\" decoding=\"async\" width=\"1024\" height=\"768\" src=\"https:\/\/echecs-fontenaylefleury.org\/wp-content\/uploads\/2023\/05\/champyvelines-1024x768.jpg\" alt=\"\" class=\"wp-image-57\" srcset=\"https:\/\/echecs-fontenaylefleury.org\/wp-content\/uploads\/2023\/05\/champyvelines-1024x768.jpg 1024w, https:\/\/echecs-fontenaylefleury.org\/wp-content\/uploads\/2023\/05\/champyvelines-300x225.jpg 300w, https:\/\/echecs-fontenaylefleury.org\/wp-content\/uploads\/2023\/05\/champyvelines-768x576.jpg 768w, https:\/\/echecs-fontenaylefleury.org\/wp-content\/uploads\/2023\/05\/champyvelines.jpg 1080w\" sizes=\"auto, (max-width: 1024px) 100vw, 1024px\" \/><\/figure>\n\n<\/div><\/div>\n<\/div>\n\n<div class=\"gb-grid-wrapper gb-grid-wrapper-7bf456ea\">\n<div class=\"gb-grid-column gb-grid-column-b66b9118\"><div class=\"gb-container gb-container-b66b9118\">\n\n<figure class=\"wp-block-image size-full\"><img loading=\"lazy\" decoding=\"async\" width=\"525\" height=\"406\" src=\"https:\/\/echecs-fontenaylefleury.org\/wp-content\/uploads\/2023\/05\/gateau.jpg\" alt=\"\" class=\"wp-image-58\" srcset=\"https:\/\/echecs-fontenaylefleury.org\/wp-content\/uploads\/2023\/05\/gateau.jpg 525w, https:\/\/echecs-fontenaylefleury.org\/wp-content\/uploads\/2023\/05\/gateau-300x232.jpg 300w\" sizes=\"auto, (max-width: 525px) 100vw, 525px\" \/><\/figure>\n\n<\/div><\/div>\n\n<div class=\"gb-grid-column gb-grid-column-4dd870c5\"><div class=\"gb-container gb-container-4dd870c5\">\n\n<p class=\"has-text-align-left wp-block-paragraph\">Les Fous se r\u00e9unissent aussi pour le&nbsp; <strong>forum des associations<\/strong> en septembre, <strong>la f\u00eate du club <\/strong>et la f\u00eate de la Saint-Jean en juin. Le jumelage entre Fontenay et Daaden en Allemagne est l\u2019occasion de voyages et d\u2019\u00e9changes avec nos homologues joueurs d\u2019\u00e9checs allemands.<\/p>\n\n<\/div><\/div>\n<\/div>\n\n\n<div style=\"height:15px\" aria-hidden=\"true\" class=\"wp-block-spacer\"><\/div>\n\n\n\n<div class=\"wp-block-cover alignfull is-light has-parallax is-repeated wp-duotone-dark-grayscale\" style=\"margin-top:0;padding-top:48px;padding-right:48px;padding-bottom:48px;padding-left:48px;min-height:66vh;aspect-ratio:unset;\"><div class=\"wp-block-cover__image-background wp-image-1204 size-thumbnail has-parallax is-repeated\" style=\"background-position:50% 50%;background-image:url(https:\/\/echecs-fontenaylefleury.org\/wp-content\/uploads\/2025\/10\/FFE-2-edited-150x150.jpg)\"><\/div><span aria-hidden=\"true\" class=\"wp-block-cover__background has-contrast-background-color has-background-dim-40 has-background-dim\"><\/span><div class=\"wp-block-cover__inner-container is-layout-flow wp-block-cover-is-layout-flow\">\n<div class=\"wp-block-group has-global-padding is-content-justification-left is-layout-constrained wp-container-core-group-is-layout-f9098315 wp-block-group-is-layout-constrained\">\n<h2 class=\"wp-block-heading has-text-align-left has-white-color has-text-color\" style=\"font-size:clamp(50.171px, 3.136rem + ((1vw - 3.2px) * 5.662), 100px);font-style:normal;font-weight:700;letter-spacing:0px;line-height:1;text-transform:uppercase\">DECOUVREZ NOS JOUEURS<\/h2>\n<\/div>\n\n\n\n<div style=\"height:72px\" aria-hidden=\"true\" class=\"wp-block-spacer\"><\/div>\n\n\n\n<div class=\"wp-block-buttons is-content-justification-left is-nowrap is-layout-flex wp-container-core-buttons-is-layout-4aa08927 wp-block-buttons-is-layout-flex\" style=\"border-style:none;border-width:0px\">\n<div class=\"wp-block-button is-style-outline is-style-outline--2\"><a class=\"wp-block-button__link has-white-color has-text-color has-custom-font-size wp-element-button\" href=\"http:\/\/www.echecs.asso.fr\/ListeJoueurs.aspx?Action=JOUEURCLUBREF&amp;JrTri=Elo&amp;ClubRef=819\" style=\"padding-top:24px;padding-right:48px;padding-bottom:24px;padding-left:48px;font-size:clamp(14px, 0.875rem + ((1vw - 3.2px) * 0.227), 16px);font-style:normal;font-weight:600;letter-spacing:0px;text-transform:uppercase\">VOIR LA LISTE<\/a><\/div>\n<\/div>\n<\/div><\/div>\n\n\n\n<h5 class=\"wp-block-heading alignfull has-text-align-center has-background\" style=\"background-color:#d8cbc2;padding-top:var(--wp--preset--spacing--30);padding-bottom:var(--wp--preset--spacing--30)\"><a href=\"http:\/\/www.echecs.asso.fr\/ListeJoueurs.aspx?Action=JOUEURCLUBREF&amp;ClubRef=819\"><\/a>Le bureau du club<\/h5>\n\n\n\n<p class=\"has-text-align-center wp-block-paragraph\"><strong>Pr\u00e9sident<\/strong> : Jean Douat<br><strong>Tr\u00e9sorier <\/strong>:&nbsp;C\u00e9line Blazy<br><strong>Secr\u00e9taire<\/strong> : Xavier Gaucher<\/p>\n\n\n\n<div style=\"height:10px\" aria-hidden=\"true\" class=\"wp-block-spacer\"><\/div>\n\n\n\n<footer class=\"wp-block-group alignfull has-background-color has-white-color has-contrast-background-color has-text-color has-background has-link-color wp-elements-bbe58e7fb67d91db0d48d1d90ac2b9a6 is-nowrap is-layout-flex wp-container-core-group-is-layout-507a255b wp-block-group-is-layout-flex\" style=\"min-height:40vh;margin-top:0;margin-bottom:0;padding-top:var(--wp--preset--spacing--60);padding-right:var(--wp--preset--spacing--40);padding-bottom:var(--wp--preset--spacing--60);padding-left:var(--wp--preset--spacing--40)\">\n<div class=\"wp-block-columns alignwide has-small-font-size is-layout-flex wp-container-core-columns-is-layout-9baa9b4c wp-block-columns-is-layout-flex\">\n<div class=\"wp-block-column is-layout-flow wp-block-column-is-layout-flow\">\n<p class=\"has-text-align-center has-medium-font-size wp-block-paragraph\" style=\"text-decoration:underline\"><strong>Contacts<\/strong><\/p>\n\n\n\n<p class=\"has-text-align-center wp-block-paragraph\"><strong>Adresse<\/strong> : 5 rue Jean Jaur\u00e8s, 78330 Fontenay-le-Fleury<br><strong>T\u00e9l\u00e9phone<\/strong> : 01 30 58 08 20<br><strong>Mobile<\/strong> :&nbsp; 07 77 88 20 25<br><strong>Courriel<\/strong> : <a href=\"mailto:contact@echecs-fontenaylefleury.org\">contact@echecs-fontenaylefleury.org<\/a><\/p>\n\n\n\n<hr class=\"wp-block-separator aligncenter has-text-color has-white-color has-alpha-channel-opacity has-white-background-color has-background\"\/>\n<\/div>\n\n\n\n<div class=\"wp-block-column is-layout-flow wp-block-column-is-layout-flow\">\n<p class=\"has-text-align-center has-medium-font-size wp-block-paragraph\" style=\"text-decoration:underline\"><strong>Localisation<\/strong><\/p>\n\n\n\n<figure class=\"wp-block-image size-full has-custom-border is-style-default\"><img loading=\"lazy\" decoding=\"async\" width=\"952\" height=\"720\" src=\"https:\/\/echecs-fontenaylefleury.org\/wp-content\/uploads\/2025\/10\/maps-club.png\" alt=\"\" class=\"wp-image-1231\" style=\"border-top-left-radius:0px;border-top-right-radius:0px;border-bottom-left-radius:0px;border-bottom-right-radius:0px\" srcset=\"https:\/\/echecs-fontenaylefleury.org\/wp-content\/uploads\/2025\/10\/maps-club.png 952w, https:\/\/echecs-fontenaylefleury.org\/wp-content\/uploads\/2025\/10\/maps-club-300x227.png 300w, https:\/\/echecs-fontenaylefleury.org\/wp-content\/uploads\/2025\/10\/maps-club-768x581.png 768w\" sizes=\"auto, (max-width: 952px) 100vw, 952px\" \/><\/figure>\n\n\n\n<hr class=\"wp-block-separator aligncenter has-text-color has-white-color has-alpha-channel-opacity has-white-background-color has-background\"\/>\n<\/div>\n\n\n\n<div class=\"wp-block-column is-layout-flow wp-block-column-is-layout-flow\">\n<p class=\"has-text-align-center has-medium-font-size wp-block-paragraph\" style=\"text-decoration:underline\"><strong>Rejoignez-nous sur<\/strong><\/p>\n\n\n\n<div class=\"wp-block-group is-vertical is-content-justification-center is-layout-flex wp-container-core-group-is-layout-9539b6b0 wp-block-group-is-layout-flex\">\n<p class=\"wp-block-paragraph\"><a href=\"https:\/\/www.facebook.com\/Club-dEchecs-de-Fontenay-Le-Fleury-LES-FOUS-Furieux-1942036709381568\/\">Facebook<\/a><\/p>\n\n\n\n<figure class=\"gb-block-image gb-block-image-c26b46f9\"><img loading=\"lazy\" decoding=\"async\" width=\"150\" height=\"150\" class=\"gb-image gb-image-c26b46f9\" src=\"https:\/\/echecs-fontenaylefleury.org\/wp-content\/uploads\/2025\/10\/logo-fb-150x150.png\" alt=\"\" title=\"logo fb\"\/><\/figure>\n<\/div>\n\n\n\n<figure class=\"wp-block-image aligncenter size-full is-resized\"><img loading=\"lazy\" decoding=\"async\" width=\"451\" height=\"189\" src=\"https:\/\/echecs-fontenaylefleury.org\/wp-content\/uploads\/2025\/10\/logo-FFE-1.jpg\" alt=\"\" class=\"wp-image-1258\" style=\"aspect-ratio:2.3955479452054793;width:297px;height:auto\" srcset=\"https:\/\/echecs-fontenaylefleury.org\/wp-content\/uploads\/2025\/10\/logo-FFE-1.jpg 451w, https:\/\/echecs-fontenaylefleury.org\/wp-content\/uploads\/2025\/10\/logo-FFE-1-300x126.jpg 300w\" sizes=\"auto, (max-width: 451px) 100vw, 451px\" \/><\/figure>\n\n\n\n<hr class=\"wp-block-separator aligncenter has-text-color has-white-color has-alpha-channel-opacity has-white-background-color has-background is-style-default\"\/>\n<\/div>\n<\/div>\n<\/footer>\n","protected":false},"excerpt":{"rendered":"<p>Le club d\u2019\u00e9checs de Fontenay le Fleury (Yvelines) a \u00e9t\u00e9 cr\u00e9\u00e9 en 1983. Ses activit\u00e9s r\u00e9guli\u00e8res se d\u00e9roulent \u00e0 la Maison des Associations, 5 rue Jean Jaur\u00e8s \u00e0 Fontenay le Fleury,&nbsp;&nbsp;\u00e0 une centaine de m\u00e8tres de l\u2019\u00e9glise, et \u00e0 quelques minutes de Saint-Cyr, Villepreux, Bois d\u2019Arcy, Rennemoulin, Noisy le Roi, Saint Nom la Bret\u00e8che, l\u2019\u00c9tang [&hellip;]<\/p>\n","protected":false},"author":4,"featured_media":0,"parent":0,"menu_order":1,"comment_status":"closed","ping_status":"closed","template":"","meta":{"_crdt_document":"","footnotes":""},"class_list":["post-132","page","type-page","status-publish","hentry"],"_links":{"self":[{"href":"https:\/\/echecs-fontenaylefleury.org\/index.php?rest_route=\/wp\/v2\/pages\/132","targetHints":{"allow":["GET"]}}],"collection":[{"href":"https:\/\/echecs-fontenaylefleury.org\/index.php?rest_route=\/wp\/v2\/pages"}],"about":[{"href":"https:\/\/echecs-fontenaylefleury.org\/index.php?rest_route=\/wp\/v2\/types\/page"}],"author":[{"embeddable":true,"href":"https:\/\/echecs-fontenaylefleury.org\/index.php?rest_route=\/wp\/v2\/users\/4"}],"replies":[{"embeddable":true,"href":"https:\/\/echecs-fontenaylefleury.org\/index.php?rest_route=%2Fwp%2Fv2%2Fcomments&post=132"}],"version-history":[{"count":54,"href":"https:\/\/echecs-fontenaylefleury.org\/index.php?rest_route=\/wp\/v2\/pages\/132\/revisions"}],"predecessor-version":[{"id":1285,"href":"https:\/\/echecs-fontenaylefleury.org\/index.php?rest_route=\/wp\/v2\/pages\/132\/revisions\/1285"}],"wp:attachment":[{"href":"https:\/\/echecs-fontenaylefleury.org\/index.php?rest_route=%2Fwp%2Fv2%2Fmedia&parent=132"}],"curies":[{"name":"wp","href":"https:\/\/api.w.org\/{rel}","templated":true}]}}