{"id":9,"date":"2025-10-17T11:41:36","date_gmt":"2025-10-17T09:41:36","guid":{"rendered":"https:\/\/echecs-fontenaylefleury.org\/?page_id=9"},"modified":"2026-03-29T19:45:04","modified_gmt":"2026-03-29T17:45:04","slug":"accueil","status":"publish","type":"page","link":"https:\/\/echecs-fontenaylefleury.org\/","title":{"rendered":"Actualit\u00e9s"},"content":{"rendered":"\n<div style=\"height:14px\" aria-hidden=\"true\" class=\"wp-block-spacer\"><\/div>\n\n\n\n<div class=\"wp-block-cover alignfull has-parallax\"><div class=\"wp-block-cover__image-background wp-image-1352 size-full has-parallax\" style=\"background-position:50% 50%;background-image:url(https:\/\/echecs-fontenaylefleury.org\/wp-content\/uploads\/2025\/11\/Designer-1.png)\"><\/div><span aria-hidden=\"true\" class=\"wp-block-cover__background has-background-dim-10 has-background-dim\" style=\"background-color:#000000\"><\/span><div class=\"wp-block-cover__inner-container is-layout-flow wp-block-cover-is-layout-flow\">\n<h2 class=\"wp-block-heading alignwide has-white-color has-text-color\" style=\"font-size:clamp(34.313px, 2.145rem + ((1vw - 3.2px) * 3.146), 62px);line-height:1.2\"><em><strong>Saison 2025-2026<\/strong><\/em><\/h2>\n\n\n\n<div class=\"wp-block-columns alignwide is-layout-flex wp-container-core-columns-is-layout-9baa9b4c wp-block-columns-is-layout-flex\">\n<div class=\"wp-block-column is-layout-flow wp-block-column-is-layout-flow\" style=\"flex-basis:60%\">\n<p class=\"has-text-color wp-block-paragraph\" style=\"color:#ffffff\">Retrouvez toutes les infos utiles sur notre page du club&#8230;<\/p>\n\n\n\n<div class=\"wp-block-buttons is-layout-flex wp-block-buttons-is-layout-flex\">\n<div class=\"wp-block-button is-style-outline is-style-outline--1\"><a class=\"wp-block-button__link has-contrast-background-color has-text-color has-background wp-element-button\" href=\"https:\/\/echecs-fontenaylefleury.org\/?page_id=132\" style=\"color:#ffffff\">En savoir plus<\/a><\/div>\n<\/div>\n<\/div>\n\n\n\n<div class=\"wp-block-column is-layout-flow wp-block-column-is-layout-flow\"><\/div>\n<\/div>\n<\/div><\/div>\n\n\n\n<div class=\"wp-block-media-text alignwide is-stacked-on-mobile is-vertically-aligned-top is-image-fill-element has-background\" style=\"background-color:#fffdea;grid-template-columns:40% auto\"><figure class=\"wp-block-media-text__media\"><img loading=\"lazy\" decoding=\"async\" width=\"1024\" height=\"681\" src=\"https:\/\/echecs-fontenaylefleury.org\/wp-content\/uploads\/2024\/03\/sophie_milliet-1024x681.jpg\" alt=\"\" class=\"wp-image-207 size-full\" style=\"object-position:50% 50%\" srcset=\"https:\/\/echecs-fontenaylefleury.org\/wp-content\/uploads\/2024\/03\/sophie_milliet-1024x681.jpg 1024w, https:\/\/echecs-fontenaylefleury.org\/wp-content\/uploads\/2024\/03\/sophie_milliet-300x199.jpg 300w, https:\/\/echecs-fontenaylefleury.org\/wp-content\/uploads\/2024\/03\/sophie_milliet-768x511.jpg 768w, https:\/\/echecs-fontenaylefleury.org\/wp-content\/uploads\/2024\/03\/sophie_milliet.jpg 1280w\" sizes=\"auto, (max-width: 1024px) 100vw, 1024px\" \/><\/figure><div class=\"wp-block-media-text__content\">\n<div class=\"wp-block-group is-layout-flow wp-block-group-is-layout-flow\" style=\"padding-top:2em;padding-right:2em;padding-bottom:2em;padding-left:2em\">\n<p class=\"has-text-align-center wp-block-paragraph\" style=\"font-size:clamp(22.041px, 1.378rem + ((1vw - 3.2px) * 1.586), 36px);line-height:1.2\"><strong>SOPHIE MILLIET<\/strong><br>Ma\u00eetre international<\/p>\n\n\n\n<p class=\"has-text-align-center wp-block-paragraph\" style=\"font-size:clamp(22.041px, 1.378rem + ((1vw - 3.2px) * 1.586), 36px);line-height:1.2\"><strong>SIMULTAN\u00c9E D<\/strong>\u2019<strong>\u00c9CHECS F\u00c9MININE<\/strong><\/p>\n\n\n\n<p class=\"has-text-align-center wp-block-paragraph\" style=\"font-size:clamp(22.041px, 1.378rem + ((1vw - 3.2px) * 1.586), 36px);line-height:1.2\"><br><strong>Samedi 11 avril \u00e0 14 h 30<\/strong><br>Salle Voltaire<br>\u00e0 Fontenay-le-Fleury<\/p>\n\n\n\n<ul class=\"wp-block-list\">\n<li>Entr\u00e9e libre et participation gratuite<\/li>\n\n\n\n<li>Ouvert \u00e0 toutes pour affronter la sextuple championne<\/li>\n\n\n\n<li>\u00c9v\u00e9nement f\u00e9minin !<\/li>\n<\/ul>\n<\/div>\n\n\n\n<div class=\"wp-block-buttons is-content-justification-center is-layout-flex wp-container-core-buttons-is-layout-d70ed23c wp-block-buttons-is-layout-flex\">\n<div style=\"--wp--block-button--width: 75;\" class=\"wp-block-button has-custom-width wp-block-button__width wp-block-button__width-75\"><a class=\"wp-block-button__link has-contrast-background-color has-text-color has-background has-link-color has-tiny-font-size has-custom-font-size wp-element-button\" href=\"https:\/\/sites.google.com\/view\/lasimultaneefemininedeflf\/accueil\" style=\"color:#fffdea\">Plus d\u2019infos&#8230;<\/a><\/div>\n<\/div>\n\n\n\n<p class=\"has-text-align-center wp-block-paragraph\"><\/p>\n\n\n\n<p class=\"has-text-align-center wp-block-paragraph\" style=\"font-size:clamp(22.041px, 1.378rem + ((1vw - 3.2px) * 1.586), 36px);line-height:1.2\"><strong>SIMULTAN\u00c9E D<\/strong>\u2019<strong>\u00c9CHECS<\/strong><br><strong>MIXTE<\/strong><\/p>\n\n\n\n<p class=\"has-text-align-center wp-block-paragraph\" style=\"font-size:clamp(22.041px, 1.378rem + ((1vw - 3.2px) * 1.586), 36px);line-height:1.2\"><strong>Dimanche 12 avril \u00e0 10 h 30<\/strong><br>Salle Voltaire<br>\u00e0 Fontenay-le-Fleury<\/p>\n\n\n\n<div class=\"wp-block-buttons is-horizontal is-content-justification-center is-layout-flex wp-container-core-buttons-is-layout-27494135 wp-block-buttons-is-layout-flex\">\n<div style=\"--wp--block-button--width: 50;\" class=\"wp-block-button has-custom-width wp-block-button__width wp-block-button__width-50\"><a class=\"wp-block-button__link has-text-color has-background wp-element-button\" href=\"http:\/\/www.billetweb.fr\/simultanee-mixte-de-sophie-milliet2\" style=\"border-radius:50px;color:#ffffff;background-color:#000000\">Inscription<br>en ligne&#8230;<\/a><\/div>\n<\/div>\n\n\n\n<div style=\"height:24px\" aria-hidden=\"true\" class=\"wp-block-spacer\"><\/div>\n<\/div><\/div>\n\n\n\n<div class=\"wp-block-media-text alignwide is-stacked-on-mobile is-vertically-aligned-center has-background\" style=\"background-color:#fffdea;grid-template-columns:49% auto\"><figure class=\"wp-block-media-text__media\"><img loading=\"lazy\" decoding=\"async\" width=\"1024\" height=\"682\" src=\"https:\/\/echecs-fontenaylefleury.org\/wp-content\/uploads\/2025\/10\/strategy-1080528_1280-1024x682.jpg\" alt=\"\" class=\"wp-image-1220 size-full\" srcset=\"https:\/\/echecs-fontenaylefleury.org\/wp-content\/uploads\/2025\/10\/strategy-1080528_1280-1024x682.jpg 1024w, https:\/\/echecs-fontenaylefleury.org\/wp-content\/uploads\/2025\/10\/strategy-1080528_1280-300x200.jpg 300w, https:\/\/echecs-fontenaylefleury.org\/wp-content\/uploads\/2025\/10\/strategy-1080528_1280-768x511.jpg 768w, https:\/\/echecs-fontenaylefleury.org\/wp-content\/uploads\/2025\/10\/strategy-1080528_1280.jpg 1280w\" sizes=\"auto, (max-width: 1024px) 100vw, 1024px\" \/><\/figure><div class=\"wp-block-media-text__content\">\n<div class=\"wp-block-group is-layout-flow wp-block-group-is-layout-flow\" style=\"padding-top:2em;padding-right:2em;padding-bottom:2em;padding-left:2em\">\n<p class=\"wp-block-paragraph\" style=\"font-size:clamp(22.041px, 1.378rem + ((1vw - 3.2px) * 1.586), 36px);line-height:1.2\"><strong>TOURNOI FIDE<\/strong><br><strong>CADENCE RAPIDE<\/strong><br><strong>12min + 3sec<\/strong><\/p>\n\n\n\n<p class=\"wp-block-paragraph\" style=\"font-size:clamp(18.959px, 1.185rem + ((1vw - 3.2px) * 1.255), 30px);\">Juin 2026<\/p>\n<\/div>\n<\/div><\/div>\n\n\n\n<div class=\"wp-block-cover alignfull\" style=\"padding-top:4vw;padding-right:4vw;padding-bottom:4vw;padding-left:4vw;min-height:66vh;aspect-ratio:unset;\"><span aria-hidden=\"true\" class=\"wp-block-cover__background has-black-background-color has-background-dim-90 has-background-dim\"><\/span><div class=\"wp-block-cover__inner-container is-layout-flow wp-block-cover-is-layout-flow\">\n<figure class=\"wp-block-gallery alignwide has-nested-images columns-3 is-cropped wp-block-gallery-2 is-layout-flex wp-block-gallery-is-layout-flex\" style=\"border-top-left-radius:0px;border-top-right-radius:0px;border-bottom-left-radius:0px;border-bottom-right-radius:0px\">\n<figure class=\"wp-block-image size-large wp-duotone-grayscale\"><img loading=\"lazy\" decoding=\"async\" width=\"556\" height=\"739\" data-id=\"1046\" src=\"https:\/\/echecs-fontenaylefleury.org\/wp-content\/uploads\/2025\/07\/image-4.png\" alt=\"\" class=\"wp-image-1046\" srcset=\"https:\/\/echecs-fontenaylefleury.org\/wp-content\/uploads\/2025\/07\/image-4.png 556w, https:\/\/echecs-fontenaylefleury.org\/wp-content\/uploads\/2025\/07\/image-4-226x300.png 226w\" sizes=\"auto, (max-width: 556px) 100vw, 556px\" \/><\/figure>\n\n\n\n<figure class=\"wp-block-image size-large is-style-default wp-duotone-grayscale\"><img loading=\"lazy\" decoding=\"async\" width=\"1024\" height=\"768\" data-id=\"1125\" src=\"https:\/\/echecs-fontenaylefleury.org\/wp-content\/uploads\/2025\/09\/IMG_20250615_101153-1024x768.jpg\" alt=\"\" class=\"wp-image-1125\" srcset=\"https:\/\/echecs-fontenaylefleury.org\/wp-content\/uploads\/2025\/09\/IMG_20250615_101153-1024x768.jpg 1024w, https:\/\/echecs-fontenaylefleury.org\/wp-content\/uploads\/2025\/09\/IMG_20250615_101153-300x225.jpg 300w, https:\/\/echecs-fontenaylefleury.org\/wp-content\/uploads\/2025\/09\/IMG_20250615_101153-768x576.jpg 768w, https:\/\/echecs-fontenaylefleury.org\/wp-content\/uploads\/2025\/09\/IMG_20250615_101153-1536x1152.jpg 1536w, https:\/\/echecs-fontenaylefleury.org\/wp-content\/uploads\/2025\/09\/IMG_20250615_101153.jpg 1995w\" sizes=\"auto, (max-width: 1024px) 100vw, 1024px\" \/><\/figure>\n\n\n\n<figure class=\"wp-block-image size-large wp-duotone-grayscale\"><img loading=\"lazy\" decoding=\"async\" width=\"1024\" height=\"530\" data-id=\"1075\" src=\"https:\/\/echecs-fontenaylefleury.org\/wp-content\/uploads\/2025\/07\/image-17-1024x530.png\" alt=\"\" class=\"wp-image-1075\" srcset=\"https:\/\/echecs-fontenaylefleury.org\/wp-content\/uploads\/2025\/07\/image-17-1024x530.png 1024w, https:\/\/echecs-fontenaylefleury.org\/wp-content\/uploads\/2025\/07\/image-17-300x155.png 300w, https:\/\/echecs-fontenaylefleury.org\/wp-content\/uploads\/2025\/07\/image-17-768x397.png 768w, https:\/\/echecs-fontenaylefleury.org\/wp-content\/uploads\/2025\/07\/image-17.png 1156w\" sizes=\"auto, (max-width: 1024px) 100vw, 1024px\" \/><\/figure>\n\n\n\n<figure class=\"wp-block-image size-large wp-duotone-grayscale\"><img loading=\"lazy\" decoding=\"async\" width=\"589\" height=\"479\" data-id=\"995\" src=\"https:\/\/echecs-fontenaylefleury.org\/wp-content\/uploads\/2025\/03\/image-21.png\" alt=\"\" class=\"wp-image-995\" srcset=\"https:\/\/echecs-fontenaylefleury.org\/wp-content\/uploads\/2025\/03\/image-21.png 589w, https:\/\/echecs-fontenaylefleury.org\/wp-content\/uploads\/2025\/03\/image-21-300x244.png 300w\" sizes=\"auto, (max-width: 589px) 100vw, 589px\" \/><\/figure>\n\n\n\n<figure class=\"wp-block-image size-large wp-duotone-grayscale\"><img loading=\"lazy\" decoding=\"async\" width=\"1024\" height=\"547\" data-id=\"1072\" src=\"https:\/\/echecs-fontenaylefleury.org\/wp-content\/uploads\/2025\/07\/image-15-1024x547.png\" alt=\"\" class=\"wp-image-1072\" srcset=\"https:\/\/echecs-fontenaylefleury.org\/wp-content\/uploads\/2025\/07\/image-15-1024x547.png 1024w, https:\/\/echecs-fontenaylefleury.org\/wp-content\/uploads\/2025\/07\/image-15-300x160.png 300w, https:\/\/echecs-fontenaylefleury.org\/wp-content\/uploads\/2025\/07\/image-15-768x410.png 768w, https:\/\/echecs-fontenaylefleury.org\/wp-content\/uploads\/2025\/07\/image-15.png 1090w\" sizes=\"auto, (max-width: 1024px) 100vw, 1024px\" \/><\/figure>\n<\/figure>\n<\/div><\/div>\n\n\n\n<div style=\"height:41px\" aria-hidden=\"true\" class=\"wp-block-spacer\"><\/div>\n\n\n\n<div class=\"wp-block-cover alignfull wp-duotone-dark-grayscale\" style=\"margin-top:0;padding-top:48px;padding-right:48px;padding-bottom:48px;padding-left:48px;min-height:66vh;aspect-ratio:unset;\"><img loading=\"lazy\" decoding=\"async\" width=\"1024\" height=\"530\" class=\"wp-block-cover__image-background wp-image-1150 size-large\" alt=\"\" src=\"https:\/\/echecs-fontenaylefleury.org\/wp-content\/uploads\/2025\/09\/image-9-1024x530.png\" data-object-fit=\"cover\" srcset=\"https:\/\/echecs-fontenaylefleury.org\/wp-content\/uploads\/2025\/09\/image-9-1024x530.png 1024w, https:\/\/echecs-fontenaylefleury.org\/wp-content\/uploads\/2025\/09\/image-9-300x155.png 300w, https:\/\/echecs-fontenaylefleury.org\/wp-content\/uploads\/2025\/09\/image-9-768x397.png 768w, https:\/\/echecs-fontenaylefleury.org\/wp-content\/uploads\/2025\/09\/image-9.png 1214w\" sizes=\"auto, (max-width: 1024px) 100vw, 1024px\" \/><span aria-hidden=\"true\" class=\"wp-block-cover__background has-background-dim-30 has-background-dim\" style=\"background-color:#686461\"><\/span><div class=\"wp-block-cover__inner-container is-layout-flow wp-block-cover-is-layout-flow\">\n<div class=\"wp-block-group has-global-padding is-content-justification-left is-layout-constrained wp-container-core-group-is-layout-f9098315 wp-block-group-is-layout-constrained\">\n<h2 class=\"wp-block-heading has-text-align-left has-white-color has-text-color\" style=\"font-size:clamp(29.303px, 1.831rem + ((1vw - 3.2px) * 2.466), 51px);font-style:normal;font-weight:700;letter-spacing:0px;line-height:1;text-transform:uppercase\">Retrouvez nos<br>derniers <br>articles<\/h2>\n<\/div>\n\n\n\n<div class=\"wp-block-buttons is-content-justification-left is-nowrap is-layout-flex wp-container-core-buttons-is-layout-4aa08927 wp-block-buttons-is-layout-flex\">\n<div class=\"wp-block-button is-style-outline is-style-outline--3\"><a class=\"wp-block-button__link has-white-color has-text-color has-custom-font-size wp-element-button\" href=\"https:\/\/echecs-fontenaylefleury.org\/?page_id=779\" style=\"padding-top:24px;padding-right:48px;padding-bottom:24px;padding-left:48px;font-size:clamp(14px, 0.875rem + ((1vw - 3.2px) * 0.227), 16px);font-style:normal;font-weight:600;letter-spacing:0px;text-transform:uppercase\"><strong>LIRE<\/strong><\/a><\/div>\n<\/div>\n<\/div><\/div>\n\n\n\n<p class=\"wp-block-paragraph\"><\/p>\n\n\n\n<footer class=\"wp-block-group alignfull has-background-color has-white-color has-contrast-background-color has-text-color has-background has-link-color wp-elements-fd86f461ce56402b1ebf2e0d10d77154 is-nowrap is-layout-flex wp-container-core-group-is-layout-507a255b wp-block-group-is-layout-flex\" style=\"min-height:40vh;margin-top:0;margin-bottom:0;padding-top:var(--wp--preset--spacing--60);padding-right:var(--wp--preset--spacing--40);padding-bottom:var(--wp--preset--spacing--60);padding-left:var(--wp--preset--spacing--40)\">\n<div class=\"wp-block-columns alignwide has-small-font-size is-layout-flex wp-container-core-columns-is-layout-9baa9b4c wp-block-columns-is-layout-flex\">\n<div class=\"wp-block-column is-layout-flow wp-block-column-is-layout-flow\">\n<p class=\"has-text-align-center has-medium-font-size wp-block-paragraph\" style=\"text-decoration:underline\"><strong>Contacts<\/strong><\/p>\n\n\n\n<p class=\"has-text-align-center wp-block-paragraph\"><strong>Adresse<\/strong> : 5 rue Jean Jaur\u00e8s, 78330 Fontenay-le-Fleury<br><strong>T\u00e9l\u00e9phone<\/strong> : 01 30 58 08 20<br><strong>Mobile :<\/strong>&nbsp; 07 77 88 20 25<br><strong>Courriel<\/strong> : <a href=\"mailto:contact@echecs-fontenaylefleury.org\">contact@echecs-fontenaylefleury.org<\/a><\/p>\n\n\n\n<hr class=\"wp-block-separator aligncenter has-text-color has-white-color has-alpha-channel-opacity has-white-background-color has-background\"\/>\n<\/div>\n\n\n\n<div class=\"wp-block-column is-layout-flow wp-block-column-is-layout-flow\">\n<p class=\"has-text-align-center has-medium-font-size wp-block-paragraph\" style=\"text-decoration:underline\"><strong>Localisation<\/strong><\/p>\n\n\n\n<figure class=\"wp-block-image size-full has-custom-border is-style-default\"><img loading=\"lazy\" decoding=\"async\" width=\"952\" height=\"720\" src=\"https:\/\/echecs-fontenaylefleury.org\/wp-content\/uploads\/2025\/10\/maps-club.png\" alt=\"\" class=\"wp-image-1231\" style=\"border-top-left-radius:0px;border-top-right-radius:0px;border-bottom-left-radius:0px;border-bottom-right-radius:0px\" srcset=\"https:\/\/echecs-fontenaylefleury.org\/wp-content\/uploads\/2025\/10\/maps-club.png 952w, https:\/\/echecs-fontenaylefleury.org\/wp-content\/uploads\/2025\/10\/maps-club-300x227.png 300w, https:\/\/echecs-fontenaylefleury.org\/wp-content\/uploads\/2025\/10\/maps-club-768x581.png 768w\" sizes=\"auto, (max-width: 952px) 100vw, 952px\" \/><\/figure>\n\n\n\n<hr class=\"wp-block-separator aligncenter has-text-color has-white-color has-alpha-channel-opacity has-white-background-color has-background\"\/>\n<\/div>\n\n\n\n<div class=\"wp-block-column is-layout-flow wp-block-column-is-layout-flow\">\n<p class=\"has-text-align-center has-medium-font-size wp-block-paragraph\" style=\"text-decoration:underline\"><strong>Rejoignez-nous sur<\/strong><\/p>\n\n\n\n<div class=\"wp-block-group is-vertical is-content-justification-center is-layout-flex wp-container-core-group-is-layout-9539b6b0 wp-block-group-is-layout-flex\">\n<p class=\"wp-block-paragraph\"><a href=\"https:\/\/www.facebook.com\/Club-dEchecs-de-Fontenay-Le-Fleury-LES-FOUS-Furieux-1942036709381568\/\">Facebook<\/a><\/p>\n\n\n\n<figure class=\"gb-block-image gb-block-image-c26b46f9\"><img loading=\"lazy\" decoding=\"async\" width=\"150\" height=\"150\" class=\"gb-image gb-image-c26b46f9\" src=\"https:\/\/echecs-fontenaylefleury.org\/wp-content\/uploads\/2025\/10\/logo-fb-150x150.png\" alt=\"\" title=\"logo fb\"\/><\/figure>\n<\/div>\n\n\n\n<figure class=\"wp-block-image aligncenter size-full is-resized\"><img loading=\"lazy\" decoding=\"async\" width=\"451\" height=\"189\" src=\"https:\/\/echecs-fontenaylefleury.org\/wp-content\/uploads\/2025\/10\/logo-FFE.jpg\" alt=\"\" class=\"wp-image-1256\" style=\"aspect-ratio:2.3955479452054793;width:297px;height:auto\" srcset=\"https:\/\/echecs-fontenaylefleury.org\/wp-content\/uploads\/2025\/10\/logo-FFE.jpg 451w, https:\/\/echecs-fontenaylefleury.org\/wp-content\/uploads\/2025\/10\/logo-FFE-300x126.jpg 300w\" sizes=\"auto, (max-width: 451px) 100vw, 451px\" \/><\/figure>\n\n\n\n<hr class=\"wp-block-separator aligncenter has-text-color has-white-color has-alpha-channel-opacity has-white-background-color has-background is-style-default\"\/>\n<\/div>\n<\/div>\n<\/footer>\n","protected":false},"excerpt":{"rendered":"<p>Contacts Adresse : 5 rue Jean Jaur\u00e8s, 78330 Fontenay-le-FleuryT\u00e9l\u00e9phone : 01 30 58 08 20Mobile :&nbsp; 07 77 88 20 25Courriel : contact@echecs-fontenaylefleury.org Localisation Rejoignez-nous sur Facebook<\/p>\n","protected":false},"author":4,"featured_media":0,"parent":0,"menu_order":2,"comment_status":"closed","ping_status":"closed","template":"","meta":{"_crdt_document":"","footnotes":""},"class_list":["post-9","page","type-page","status-publish","hentry"],"_links":{"self":[{"href":"https:\/\/echecs-fontenaylefleury.org\/index.php?rest_route=\/wp\/v2\/pages\/9","targetHints":{"allow":["GET"]}}],"collection":[{"href":"https:\/\/echecs-fontenaylefleury.org\/index.php?rest_route=\/wp\/v2\/pages"}],"about":[{"href":"https:\/\/echecs-fontenaylefleury.org\/index.php?rest_route=\/wp\/v2\/types\/page"}],"author":[{"embeddable":true,"href":"https:\/\/echecs-fontenaylefleury.org\/index.php?rest_route=\/wp\/v2\/users\/4"}],"replies":[{"embeddable":true,"href":"https:\/\/echecs-fontenaylefleury.org\/index.php?rest_route=%2Fwp%2Fv2%2Fcomments&post=9"}],"version-history":[{"count":102,"href":"https:\/\/echecs-fontenaylefleury.org\/index.php?rest_route=\/wp\/v2\/pages\/9\/revisions"}],"predecessor-version":[{"id":1438,"href":"https:\/\/echecs-fontenaylefleury.org\/index.php?rest_route=\/wp\/v2\/pages\/9\/revisions\/1438"}],"wp:attachment":[{"href":"https:\/\/echecs-fontenaylefleury.org\/index.php?rest_route=%2Fwp%2Fv2%2Fmedia&parent=9"}],"curies":[{"name":"wp","href":"https:\/\/api.w.org\/{rel}","templated":true}]}}